{"id":806,"date":"2017-07-31T16:27:17","date_gmt":"2017-07-31T16:27:17","guid":{"rendered":"http:\/\/flowmotionracing.com\/?page_id=806"},"modified":"2022-06-25T13:10:46","modified_gmt":"2022-06-25T11:10:46","slug":"productos","status":"publish","type":"page","link":"https:\/\/www.flowmotionracing.com\/en\/productos\/","title":{"rendered":"Products"},"content":{"rendered":"\t\t<div data-elementor-type=\"wp-page\" data-elementor-id=\"806\" class=\"elementor elementor-806\" data-elementor-post-type=\"page\">\n\t\t\t\t\t\t<section class=\"elementor-section elementor-top-section elementor-element elementor-element-5efa4c55 elementor-section-full_width elementor-section-height-default elementor-section-height-default\" data-id=\"5efa4c55\" data-element_type=\"section\" data-e-type=\"section\">\n\t\t\t\t\t\t<div class=\"elementor-container elementor-column-gap-no\">\n\t\t\t\t\t<div class=\"elementor-column elementor-col-100 elementor-top-column elementor-element elementor-element-1f7dd045\" data-id=\"1f7dd045\" data-element_type=\"column\" data-e-type=\"column\">\n\t\t\t<div class=\"elementor-widget-wrap elementor-element-populated\">\n\t\t\t\t\t\t<div class=\"elementor-element elementor-element-f113088 elementor-widget elementor-widget-text-editor\" data-id=\"f113088\" data-element_type=\"widget\" data-e-type=\"widget\" data-widget_type=\"text-editor.default\">\n\t\t\t\t<div class=\"elementor-widget-container\">\n\t\t\t\t\t\t\t\t\t<p>A <strong>Flow Motion Racing<\/strong> sabem el que necessites. La nostra experi\u00e8ncia en el sector de la mec\u00e0nica de motos off road ens ha portat a desenvolupar <strong>productes exclusius<\/strong>, dissenyats espec\u00edficament pel nostre equip, per donar resposta a les necessitats de la teva moto.<\/p><p>Aqu\u00ed tens una <strong>selecci\u00f3 de productes exclusius<\/strong> que <strong>nom\u00e9s trobar\u00e0s en el nostre taller Flow Motion<\/strong>.<\/p>\t\t\t\t\t\t\t\t<\/div>\n\t\t\t\t<\/div>\n\t\t\t\t<div class=\"elementor-element elementor-element-e216712 elementor-widget elementor-widget-gallery\" data-id=\"e216712\" data-element_type=\"widget\" data-e-type=\"widget\" data-settings=\"{&quot;gap&quot;:{&quot;unit&quot;:&quot;px&quot;,&quot;size&quot;:2,&quot;sizes&quot;:[]},&quot;columns&quot;:2,&quot;gallery_layout&quot;:&quot;grid&quot;,&quot;columns_tablet&quot;:2,&quot;columns_mobile&quot;:1,&quot;gap_tablet&quot;:{&quot;unit&quot;:&quot;px&quot;,&quot;size&quot;:10,&quot;sizes&quot;:[]},&quot;gap_mobile&quot;:{&quot;unit&quot;:&quot;px&quot;,&quot;size&quot;:10,&quot;sizes&quot;:[]},&quot;link_to&quot;:&quot;file&quot;,&quot;aspect_ratio&quot;:&quot;3:2&quot;,&quot;overlay_background&quot;:&quot;yes&quot;,&quot;content_hover_animation&quot;:&quot;fade-in&quot;}\" data-widget_type=\"gallery.default\">\n\t\t\t\t<div class=\"elementor-widget-container\">\n\t\t\t\t\t\t\t<div class=\"elementor-gallery__container\">\n\t\t\t\t\t\t\t<a class=\"e-gallery-item elementor-gallery-item elementor-animated-content\" href=\"https:\/\/www.flowmotionracing.com\/wp-content\/uploads\/2017\/07\/Separador-caixa-de-l\u00e0mines.jpg\" data-elementor-open-lightbox=\"yes\" data-elementor-lightbox-slideshow=\"e216712\" data-elementor-lightbox-title=\"Sheet box divider | KTM SX 50 - KTM SX 65\" data-e-action-hash=\"#elementor-action%3Aaction%3Dlightbox%26settings%3DeyJpZCI6ODE0LCJ1cmwiOiJodHRwczpcL1wvd3d3LmZsb3dtb3Rpb25yYWNpbmcuY29tXC93cC1jb250ZW50XC91cGxvYWRzXC8yMDE3XC8wN1wvU2VwYXJhZG9yLWNhaXhhLWRlLWxcdTAwZTBtaW5lcy5qcGciLCJzbGlkZXNob3ciOiJlMjE2NzEyIn0%3D\">\n\t\t\t\t\t<div class=\"e-gallery-image elementor-gallery-item__image\" data-thumbnail=\"https:\/\/www.flowmotionracing.com\/wp-content\/uploads\/2017\/07\/Separador-caixa-de-l\u00e0mines.jpg\" data-width=\"1200\" data-height=\"801\" aria-label=\"Separador caixa de l\u00e0mines | KTM SX 50 - KTM SX 65\" role=\"img\" ><\/div>\n\t\t\t\t\t\t\t\t\t\t\t<div class=\"elementor-gallery-item__overlay\"><\/div>\n\t\t\t\t\t\t\t\t\t\t\t\t\t\t<\/a>\n\t\t\t\t\t\t\t<a class=\"e-gallery-item elementor-gallery-item elementor-animated-content\" href=\"https:\/\/www.flowmotionracing.com\/wp-content\/uploads\/2017\/07\/Taps-forqueta.jpg\" data-elementor-open-lightbox=\"yes\" data-elementor-lightbox-slideshow=\"e216712\" data-elementor-lightbox-title=\"Fork caps | WP KTM SX 65\" data-e-action-hash=\"#elementor-action%3Aaction%3Dlightbox%26settings%3DeyJpZCI6ODE1LCJ1cmwiOiJodHRwczpcL1wvd3d3LmZsb3dtb3Rpb25yYWNpbmcuY29tXC93cC1jb250ZW50XC91cGxvYWRzXC8yMDE3XC8wN1wvVGFwcy1mb3JxdWV0YS5qcGciLCJzbGlkZXNob3ciOiJlMjE2NzEyIn0%3D\">\n\t\t\t\t\t<div class=\"e-gallery-image elementor-gallery-item__image\" data-thumbnail=\"https:\/\/www.flowmotionracing.com\/wp-content\/uploads\/2017\/07\/Taps-forqueta.jpg\" data-width=\"1200\" data-height=\"801\" aria-label=\"Taps de forquilla | WP KTM SX 65\" role=\"img\" ><\/div>\n\t\t\t\t\t\t\t\t\t\t\t<div class=\"elementor-gallery-item__overlay\"><\/div>\n\t\t\t\t\t\t\t\t\t\t\t\t\t\t<\/a>\n\t\t\t\t\t<\/div>\n\t\t\t\t\t<\/div>\n\t\t\t\t<\/div>\n\t\t\t\t<div class=\"elementor-element elementor-element-ba3dac7 elementor-widget elementor-widget-heading\" data-id=\"ba3dac7\" data-element_type=\"widget\" data-e-type=\"widget\" data-widget_type=\"heading.default\">\n\t\t\t\t<div class=\"elementor-widget-container\">\n\t\t\t\t\t<h3 class=\"elementor-heading-title elementor-size-default\">Si desitges m\u00e9s informaci\u00f3 o compra on line, contacta amb nosaltres:<\/h3>\t\t\t\t<\/div>\n\t\t\t\t<\/div>\n\t\t\t\t<div class=\"elementor-element elementor-element-c265ddc elementor-button-align-start elementor-widget elementor-widget-form\" data-id=\"c265ddc\" data-element_type=\"widget\" data-e-type=\"widget\" data-settings=\"{&quot;step_next_label&quot;:&quot;Next&quot;,&quot;step_previous_label&quot;:&quot;Previous&quot;,&quot;button_width&quot;:&quot;100&quot;,&quot;step_type&quot;:&quot;number_text&quot;,&quot;step_icon_shape&quot;:&quot;circle&quot;}\" data-widget_type=\"form.default\">\n\t\t\t\t<div class=\"elementor-widget-container\">\n\t\t\t\t\t\t\t<form class=\"elementor-form\" method=\"post\" name=\"Nuevo Formulario\" aria-label=\"Nuevo Formulario\">\n\t\t\t<input type=\"hidden\" name=\"post_id\" value=\"806\"\/>\n\t\t\t<input type=\"hidden\" name=\"form_id\" value=\"c265ddc\"\/>\n\t\t\t<input type=\"hidden\" name=\"referer_title\" value=\"Productes - Flow Motion Racing\" \/>\n\n\t\t\t\t\t\t\t<input type=\"hidden\" name=\"queried_id\" value=\"806\"\/>\n\t\t\t\n\t\t\t<div class=\"elementor-form-fields-wrapper elementor-labels-above\">\n\t\t\t\t\t\t\t\t<div class=\"elementor-field-type-text elementor-field-group elementor-column elementor-field-group-name elementor-col-50 elementor-field-required elementor-mark-required\">\n\t\t\t\t\t\t\t\t\t\t\t\t<label for=\"form-field-name\" class=\"elementor-field-label\">\n\t\t\t\t\t\t\t\tNom\t\t\t\t\t\t\t<\/label>\n\t\t\t\t\t\t\t\t\t\t\t\t\t\t<input size=\"1\" type=\"text\" name=\"form_fields[name]\" id=\"form-field-name\" class=\"elementor-field elementor-size-md  elementor-field-textual\" placeholder=\"Nom\" required=\"required\">\n\t\t\t\t\t\t\t\t\t\t\t<\/div>\n\t\t\t\t\t\t\t\t<div class=\"elementor-field-type-email elementor-field-group elementor-column elementor-field-group-email elementor-col-50 elementor-field-required elementor-mark-required\">\n\t\t\t\t\t\t\t\t\t\t\t\t<label for=\"form-field-email\" class=\"elementor-field-label\">\n\t\t\t\t\t\t\t\tCorreu electr\u00f2nic\t\t\t\t\t\t\t<\/label>\n\t\t\t\t\t\t\t\t\t\t\t\t\t\t<input size=\"1\" type=\"email\" name=\"form_fields[email]\" id=\"form-field-email\" class=\"elementor-field elementor-size-md  elementor-field-textual\" placeholder=\"Correu electr\u00f2nic\" required=\"required\">\n\t\t\t\t\t\t\t\t\t\t\t<\/div>\n\t\t\t\t\t\t\t\t<div class=\"elementor-field-type-radio elementor-field-group elementor-column elementor-field-group-producto elementor-col-100 elementor-field-required elementor-mark-required\">\n\t\t\t\t\t\t\t\t\t\t\t\t<label for=\"form-field-producto\" class=\"elementor-field-label\">\n\t\t\t\t\t\t\t\tProducte:\t\t\t\t\t\t\t<\/label>\n\t\t\t\t\t\t<div class=\"elementor-field-subgroup  elementor-subgroup-inline\"><span class=\"elementor-field-option\"><input type=\"radio\" value=\"Taps forquilla WP KTM SX 65\" id=\"form-field-producto-0\" name=\"form_fields[producto]\" required=\"required\"> <label for=\"form-field-producto-0\">Taps forquilla WP KTM SX 65<\/label><\/span><span class=\"elementor-field-option\"><input type=\"radio\" value=\"Separador caixa de l\u00e0mines KTM SX 50\" id=\"form-field-producto-1\" name=\"form_fields[producto]\" required=\"required\"> <label for=\"form-field-producto-1\">Separador caixa de l\u00e0mines KTM SX 50<\/label><\/span><span class=\"elementor-field-option\"><input type=\"radio\" value=\"Separador caixa de l\u00e0mines KTM SX 65\" id=\"form-field-producto-2\" name=\"form_fields[producto]\" required=\"required\"> <label for=\"form-field-producto-2\">Separador caixa de l\u00e0mines KTM SX 65<\/label><\/span><\/div>\t\t\t\t<\/div>\n\t\t\t\t\t\t\t\t<div class=\"elementor-field-type-textarea elementor-field-group elementor-column elementor-field-group-message elementor-col-100 elementor-field-required elementor-mark-required\">\n\t\t\t\t\t\t\t\t\t\t\t\t<label for=\"form-field-message\" class=\"elementor-field-label\">\n\t\t\t\t\t\t\t\tMissatge\t\t\t\t\t\t\t<\/label>\n\t\t\t\t\t\t<textarea class=\"elementor-field-textual elementor-field  elementor-size-md\" name=\"form_fields[message]\" id=\"form-field-message\" rows=\"4\" placeholder=\"Missatge\" required=\"required\"><\/textarea>\t\t\t\t<\/div>\n\t\t\t\t\t\t\t\t<div class=\"elementor-field-type-text\">\n\t\t\t\t\t<input size=\"1\" type=\"text\" name=\"form_fields[field_2890d80]\" id=\"form-field-field_2890d80\" class=\"elementor-field elementor-size-md \" style=\"display:none !important;\">\t\t\t\t<\/div>\n\t\t\t\t\t\t\t\t<div class=\"elementor-field-type-html elementor-field-group elementor-column elementor-field-group-field_6766815 elementor-col-100\">\n\t\t\t\t\t\t\t<div data-elementor-type=\"section\" data-elementor-id=\"1864\" class=\"elementor elementor-1864\" data-elementor-post-type=\"elementor_library\">\n\t\t\t\t\t<section class=\"elementor-section elementor-top-section elementor-element elementor-element-4f33e4ee elementor-section-full_width elementor-section-height-default elementor-section-height-default\" data-id=\"4f33e4ee\" data-element_type=\"section\" data-e-type=\"section\">\n\t\t\t\t\t\t<div class=\"elementor-container elementor-column-gap-no\">\n\t\t\t\t\t<div class=\"elementor-column elementor-col-100 elementor-top-column elementor-element elementor-element-53ff8cf8\" data-id=\"53ff8cf8\" data-element_type=\"column\" data-e-type=\"column\">\n\t\t\t<div class=\"elementor-widget-wrap elementor-element-populated\">\n\t\t\t\t\t\t<div class=\"elementor-element elementor-element-5f3e473 elementor-widget elementor-widget-toggle\" data-id=\"5f3e473\" data-element_type=\"widget\" data-e-type=\"widget\" data-widget_type=\"toggle.default\">\n\t\t\t\t<div class=\"elementor-widget-container\">\n\t\t\t\t\t\t\t<div class=\"elementor-toggle\">\n\t\t\t\t\t\t\t<div class=\"elementor-toggle-item\">\n\t\t\t\t\t<div id=\"elementor-tab-title-9981\" class=\"elementor-tab-title\" data-tab=\"1\" role=\"button\" aria-controls=\"elementor-tab-content-9981\" aria-expanded=\"false\">\n\t\t\t\t\t\t\t\t\t\t\t\t<span class=\"elementor-toggle-icon elementor-toggle-icon-left\" aria-hidden=\"true\">\n\t\t\t\t\t\t\t\t\t\t\t\t\t\t\t<span class=\"elementor-toggle-icon-closed\"><i class=\"fas fa-chevron-right\"><\/i><\/span>\n\t\t\t\t\t\t\t\t<span class=\"elementor-toggle-icon-opened\"><i class=\"elementor-toggle-icon-opened fas fa-chevron-down\"><\/i><\/span>\n\t\t\t\t\t\t\t\t\t\t\t\t\t<\/span>\n\t\t\t\t\t\t\t\t\t\t\t\t<a class=\"elementor-toggle-title\" tabindex=\"0\">Informaci\u00f3 b\u00e0sica sobre el tractament de dades - Reglament (UE) 2016\/679<\/a>\n\t\t\t\t\t<\/div>\n\n\t\t\t\t\t<div id=\"elementor-tab-content-9981\" class=\"elementor-tab-content elementor-clearfix\" data-tab=\"1\" role=\"region\" aria-labelledby=\"elementor-tab-title-9981\"><p><strong>David Morat\u00f3 Moreno<\/strong> informa que les dades de car\u00e0cter personal que ens proporcioni omplint aquest formulari seran tractats per la nostra empresa com a responsable \u00faltima d&#8217;aquesta web | La finalitat de la recollida i tractament de les dades personals que li sol\u00b7licitem \u00e9s enviar-li les nostres publicacions, promocions de productes i\/o serveis i recursos exclusius | En marcar la casella d&#8217;acceptaci\u00f3, est\u00e0 donant el seu leg\u00edtim consentiment perqu\u00e8 les seves dades siguin tractades conforme a les finalitats d&#8217;aquest formulari descrites en la <a href=\"https:\/\/www.flowmotionracing.com\/ca\/politica-de-privacidad\/\" target=\"_blank\" rel=\"noopener\"><b>pol\u00edtica de privacitat<\/b><\/a> | Com a usuari i interessat l&#8217;informem que les dades que ens facilita seran guardades als servidors d\u2019<b>Estudi 33<\/b> (prove\u00efdor d&#8217;email m\u00e0rqueting), garantint l&#8217;empresa uns nivells de seguretat adequats (<a href=\"https:\/\/www.estudi33.net\/politica-de-privacitat\/\" rel=\"noopener\">veure <b>pol\u00edtica de privacitat d\u2019Estudi 33<\/b><\/a>) | Podr\u00e0 exercir els seus drets d&#8217;acc\u00e9s, rectificaci\u00f3, limitaci\u00f3 i suprimir les dades a <a href=\"mailto:info@flowmotionracing.com\"><b>info@flowmotionracing.com<\/b><\/a>. Pot consultar la informaci\u00f3 addicional i detallada sobre Protecci\u00f3 de Dades a la nostra <a href=\"https:\/\/www.flowmotionracing.com\/ca\/politica-de-privacidad\/\" target=\"_blank\" rel=\"noopener\"><b>pol\u00edtica de privacitat<\/b><\/a>.<\/p><\/div>\n\t\t\t\t<\/div>\n\t\t\t\t\t\t\t\t<\/div>\n\t\t\t\t\t\t<\/div>\n\t\t\t\t<\/div>\n\t\t\t\t\t<\/div>\n\t\t<\/div>\n\t\t\t\t\t<\/div>\n\t\t<\/section>\n\t\t\t\t<\/div>\n\t\t\t\t\t\t<\/div>\n\t\t\t\t\t\t\t\t<div class=\"elementor-field-type-acceptance elementor-field-group elementor-column elementor-field-group-field_e0a8ac7 elementor-col-100 elementor-field-required elementor-mark-required\">\n\t\t\t\t\t\t\t<div class=\"elementor-field-subgroup\">\n\t\t\t<span class=\"elementor-field-option\">\n\t\t\t\t<input type=\"checkbox\" name=\"form_fields[field_e0a8ac7]\" id=\"form-field-field_e0a8ac7\" class=\"elementor-field elementor-size-md  elementor-acceptance-field\" required=\"required\">\n\t\t\t\t<label for=\"form-field-field_e0a8ac7\">He llegit i accepto els termes i condicions de <a href=https:\/\/www.flowmotionracing.com\/politica-de-privacidad\/\/ target='_blank'><em> protecci\u00f3 de dades i pol\u00edtica de privacitat..<\/em><\/a><\/label>\t\t\t<\/span>\n\t\t<\/div>\n\t\t\t\t\t\t<\/div>\n\t\t\t\t\t\t\t\t<div class=\"elementor-field-type-acceptance elementor-field-group elementor-column elementor-field-group-field_ecaf849 elementor-col-100\">\n\t\t\t\t\t\t\t<div class=\"elementor-field-subgroup\">\n\t\t\t<span class=\"elementor-field-option\">\n\t\t\t\t<input type=\"checkbox\" name=\"form_fields[field_ecaf849]\" id=\"form-field-field_ecaf849\" class=\"elementor-field elementor-size-md  elementor-acceptance-field\">\n\t\t\t\t<label for=\"form-field-field_ecaf849\">Autoritzo el tractament de les meves dades per poder rebre informaci\u00f3 per mitjans electr\u00f2nics.<\/label>\t\t\t<\/span>\n\t\t<\/div>\n\t\t\t\t\t\t<\/div>\n\t\t\t\t\t\t\t\t<div class=\"elementor-field-group elementor-column elementor-field-type-submit elementor-col-100 e-form__buttons\">\n\t\t\t\t\t<button class=\"elementor-button elementor-size-xs elementor-animation-shrink\" type=\"submit\">\n\t\t\t\t\t\t<span class=\"elementor-button-content-wrapper\">\n\t\t\t\t\t\t\t\t\t\t\t\t\t\t\t\t\t\t\t\t\t\t<span class=\"elementor-button-text\">ENVIAR<\/span>\n\t\t\t\t\t\t\t\t\t\t\t\t\t<\/span>\n\t\t\t\t\t<\/button>\n\t\t\t\t<\/div>\n\t\t\t<\/div>\n\t\t<\/form>\n\t\t\t\t\t\t<\/div>\n\t\t\t\t<\/div>\n\t\t\t\t\t<\/div>\n\t\t<\/div>\n\t\t\t\t\t<\/div>\n\t\t<\/section>\n\t\t\t\t<\/div>\n\t\t","protected":false},"excerpt":{"rendered":"<p>We know what you need. Our experience in the field of off-road motorcycles has led us to develop exclusive products, specifically designed by our team, to satisfy the needs of your bike. Here you have a selection of exclusive products that you will only find in our workshop. For further information or on-line purchase, please<br \/><a class=\"moretag\" href=\"https:\/\/www.flowmotionracing.com\/en\/productos\/\">+ Read More<\/a><\/p>\n","protected":false},"author":1,"featured_media":809,"parent":0,"menu_order":0,"comment_status":"closed","ping_status":"closed","template":"","meta":{"footnotes":""},"class_list":["post-806","page","type-page","status-publish","has-post-thumbnail","hentry"],"yoast_head":"<!-- This site is optimized with the Yoast SEO plugin v27.5 - https:\/\/yoast.com\/product\/yoast-seo-wordpress\/ -->\n<title>Products - Flow Motion Racing<\/title>\n<meta name=\"robots\" content=\"index, follow, max-snippet:-1, max-image-preview:large, max-video-preview:-1\" \/>\n<link rel=\"canonical\" href=\"https:\/\/www.flowmotionracing.com\/en\/productos\/\" \/>\n<meta property=\"og:locale\" content=\"en_US\" \/>\n<meta property=\"og:type\" content=\"article\" \/>\n<meta property=\"og:title\" content=\"Products - Flow Motion Racing\" \/>\n<meta property=\"og:description\" content=\"We know what you need. Our experience in the field of off-road motorcycles has led us to develop exclusive products, specifically designed by our team, to satisfy the needs of your bike. Here you have a selection of exclusive products that you will only find in our workshop. For further information or on-line purchase, please+ Read More\" \/>\n<meta property=\"og:url\" content=\"https:\/\/www.flowmotionracing.com\/en\/productos\/\" \/>\n<meta property=\"og:site_name\" content=\"Flow Motion Racing\" \/>\n<meta property=\"article:publisher\" content=\"https:\/\/www.facebook.com\/FlowMotionRacing\/\" \/>\n<meta property=\"article:modified_time\" content=\"2022-06-25T11:10:46+00:00\" \/>\n<meta property=\"og:image\" content=\"https:\/\/www.flowmotionracing.com\/wp-content\/uploads\/2017\/07\/Productes-H-.jpg\" \/>\n\t<meta property=\"og:image:width\" content=\"1600\" \/>\n\t<meta property=\"og:image:height\" content=\"400\" \/>\n\t<meta property=\"og:image:type\" content=\"image\/jpeg\" \/>\n<meta name=\"twitter:card\" content=\"summary_large_image\" \/>\n<meta name=\"twitter:label1\" content=\"Est. reading time\" \/>\n\t<meta name=\"twitter:data1\" content=\"7 minutes\" \/>\n<script type=\"application\/ld+json\" class=\"yoast-schema-graph\">{\"@context\":\"https:\\\/\\\/schema.org\",\"@graph\":[{\"@type\":\"WebPage\",\"@id\":\"https:\\\/\\\/www.flowmotionracing.com\\\/en\\\/productos\\\/\",\"url\":\"https:\\\/\\\/www.flowmotionracing.com\\\/en\\\/productos\\\/\",\"name\":\"Products - Flow Motion Racing\",\"isPartOf\":{\"@id\":\"https:\\\/\\\/www.flowmotionracing.com\\\/en\\\/#website\"},\"primaryImageOfPage\":{\"@id\":\"https:\\\/\\\/www.flowmotionracing.com\\\/en\\\/productos\\\/#primaryimage\"},\"image\":{\"@id\":\"https:\\\/\\\/www.flowmotionracing.com\\\/productos\\\/#primaryimage\"},\"thumbnailUrl\":\"https:\\\/\\\/www.flowmotionracing.com\\\/wp-content\\\/uploads\\\/2017\\\/07\\\/Productes-H-.jpg\",\"datePublished\":\"2017-07-31T16:27:17+00:00\",\"dateModified\":\"2022-06-25T11:10:46+00:00\",\"breadcrumb\":{\"@id\":\"https:\\\/\\\/www.flowmotionracing.com\\\/en\\\/productos\\\/#breadcrumb\"},\"inLanguage\":\"en-US\",\"potentialAction\":[{\"@type\":\"ReadAction\",\"target\":[[\"https:\\\/\\\/www.flowmotionracing.com\\\/en\\\/productos\\\/\"]]}]},{\"@type\":\"ImageObject\",\"inLanguage\":\"en-US\",\"@id\":\"https:\\\/\\\/www.flowmotionracing.com\\\/en\\\/productos\\\/#primaryimage\",\"url\":\"https:\\\/\\\/www.flowmotionracing.com\\\/wp-content\\\/uploads\\\/2017\\\/07\\\/Productes-H-.jpg\",\"contentUrl\":\"https:\\\/\\\/www.flowmotionracing.com\\\/wp-content\\\/uploads\\\/2017\\\/07\\\/Productes-H-.jpg\",\"width\":1600,\"height\":400},{\"@type\":\"BreadcrumbList\",\"@id\":\"https:\\\/\\\/www.flowmotionracing.com\\\/en\\\/productos\\\/#breadcrumb\",\"itemListElement\":[{\"@type\":\"ListItem\",\"position\":1,\"name\":\"Portada\",\"item\":\"https:\\\/\\\/www.flowmotionracing.com\\\/en\\\/\"},{\"@type\":\"ListItem\",\"position\":2,\"name\":\"Productos\"}]},{\"@type\":\"WebSite\",\"@id\":\"https:\\\/\\\/www.flowmotionracing.com\\\/en\\\/#website\",\"url\":\"https:\\\/\\\/www.flowmotionracing.com\\\/en\\\/\",\"name\":\"Flow Motion Racing\",\"description\":\"Sant Feliu de Gu\u00edxols\",\"publisher\":{\"@id\":\"https:\\\/\\\/www.flowmotionracing.com\\\/en\\\/#organization\"},\"potentialAction\":[{\"@type\":\"SearchAction\",\"target\":{\"@type\":\"EntryPoint\",\"urlTemplate\":\"https:\\\/\\\/www.flowmotionracing.com\\\/en\\\/?s={search_term_string}\"},\"query-input\":{\"@type\":\"PropertyValueSpecification\",\"valueRequired\":true,\"valueName\":\"search_term_string\"}}],\"inLanguage\":\"en-US\"},{\"@type\":\"Organization\",\"@id\":\"https:\\\/\\\/www.flowmotionracing.com\\\/en\\\/#organization\",\"name\":\"Flow Motion Racing\",\"url\":\"https:\\\/\\\/www.flowmotionracing.com\\\/en\\\/\",\"logo\":{\"@type\":\"ImageObject\",\"inLanguage\":\"en-US\",\"@id\":\"https:\\\/\\\/www.flowmotionracing.com\\\/en\\\/#\\\/schema\\\/logo\\\/image\\\/\",\"url\":\"https:\\\/\\\/www.flowmotionracing.com\\\/wp-content\\\/uploads\\\/2017\\\/11\\\/logo_fons_negre_p.jpg\",\"contentUrl\":\"https:\\\/\\\/www.flowmotionracing.com\\\/wp-content\\\/uploads\\\/2017\\\/11\\\/logo_fons_negre_p.jpg\",\"width\":300,\"height\":80,\"caption\":\"Flow Motion Racing\"},\"image\":{\"@id\":\"https:\\\/\\\/www.flowmotionracing.com\\\/en\\\/#\\\/schema\\\/logo\\\/image\\\/\"},\"sameAs\":[\"https:\\\/\\\/www.facebook.com\\\/FlowMotionRacing\\\/\"]}]}<\/script>\n<!-- \/ Yoast SEO plugin. -->","yoast_head_json":{"title":"Products - Flow Motion Racing","robots":{"index":"index","follow":"follow","max-snippet":"max-snippet:-1","max-image-preview":"max-image-preview:large","max-video-preview":"max-video-preview:-1"},"canonical":"https:\/\/www.flowmotionracing.com\/en\/productos\/","og_locale":"en_US","og_type":"article","og_title":"Products - Flow Motion Racing","og_description":"We know what you need. Our experience in the field of off-road motorcycles has led us to develop exclusive products, specifically designed by our team, to satisfy the needs of your bike. Here you have a selection of exclusive products that you will only find in our workshop. For further information or on-line purchase, please+ Read More","og_url":"https:\/\/www.flowmotionracing.com\/en\/productos\/","og_site_name":"Flow Motion Racing","article_publisher":"https:\/\/www.facebook.com\/FlowMotionRacing\/","article_modified_time":"2022-06-25T11:10:46+00:00","og_image":[{"width":1600,"height":400,"url":"https:\/\/www.flowmotionracing.com\/wp-content\/uploads\/2017\/07\/Productes-H-.jpg","type":"image\/jpeg"}],"twitter_card":"summary_large_image","twitter_misc":{"Est. reading time":"7 minutes"},"schema":{"@context":"https:\/\/schema.org","@graph":[{"@type":"WebPage","@id":"https:\/\/www.flowmotionracing.com\/en\/productos\/","url":"https:\/\/www.flowmotionracing.com\/en\/productos\/","name":"Products - Flow Motion Racing","isPartOf":{"@id":"https:\/\/www.flowmotionracing.com\/en\/#website"},"primaryImageOfPage":{"@id":"https:\/\/www.flowmotionracing.com\/en\/productos\/#primaryimage"},"image":{"@id":"https:\/\/www.flowmotionracing.com\/productos\/#primaryimage"},"thumbnailUrl":"https:\/\/www.flowmotionracing.com\/wp-content\/uploads\/2017\/07\/Productes-H-.jpg","datePublished":"2017-07-31T16:27:17+00:00","dateModified":"2022-06-25T11:10:46+00:00","breadcrumb":{"@id":"https:\/\/www.flowmotionracing.com\/en\/productos\/#breadcrumb"},"inLanguage":"en-US","potentialAction":[{"@type":"ReadAction","target":[["https:\/\/www.flowmotionracing.com\/en\/productos\/"]]}]},{"@type":"ImageObject","inLanguage":"en-US","@id":"https:\/\/www.flowmotionracing.com\/en\/productos\/#primaryimage","url":"https:\/\/www.flowmotionracing.com\/wp-content\/uploads\/2017\/07\/Productes-H-.jpg","contentUrl":"https:\/\/www.flowmotionracing.com\/wp-content\/uploads\/2017\/07\/Productes-H-.jpg","width":1600,"height":400},{"@type":"BreadcrumbList","@id":"https:\/\/www.flowmotionracing.com\/en\/productos\/#breadcrumb","itemListElement":[{"@type":"ListItem","position":1,"name":"Portada","item":"https:\/\/www.flowmotionracing.com\/en\/"},{"@type":"ListItem","position":2,"name":"Productos"}]},{"@type":"WebSite","@id":"https:\/\/www.flowmotionracing.com\/en\/#website","url":"https:\/\/www.flowmotionracing.com\/en\/","name":"Flow Motion Racing","description":"Sant Feliu de Gu\u00edxols","publisher":{"@id":"https:\/\/www.flowmotionracing.com\/en\/#organization"},"potentialAction":[{"@type":"SearchAction","target":{"@type":"EntryPoint","urlTemplate":"https:\/\/www.flowmotionracing.com\/en\/?s={search_term_string}"},"query-input":{"@type":"PropertyValueSpecification","valueRequired":true,"valueName":"search_term_string"}}],"inLanguage":"en-US"},{"@type":"Organization","@id":"https:\/\/www.flowmotionracing.com\/en\/#organization","name":"Flow Motion Racing","url":"https:\/\/www.flowmotionracing.com\/en\/","logo":{"@type":"ImageObject","inLanguage":"en-US","@id":"https:\/\/www.flowmotionracing.com\/en\/#\/schema\/logo\/image\/","url":"https:\/\/www.flowmotionracing.com\/wp-content\/uploads\/2017\/11\/logo_fons_negre_p.jpg","contentUrl":"https:\/\/www.flowmotionracing.com\/wp-content\/uploads\/2017\/11\/logo_fons_negre_p.jpg","width":300,"height":80,"caption":"Flow Motion Racing"},"image":{"@id":"https:\/\/www.flowmotionracing.com\/en\/#\/schema\/logo\/image\/"},"sameAs":["https:\/\/www.facebook.com\/FlowMotionRacing\/"]}]}},"_links":{"self":[{"href":"https:\/\/www.flowmotionracing.com\/en\/wp-json\/wp\/v2\/pages\/806","targetHints":{"allow":["GET"]}}],"collection":[{"href":"https:\/\/www.flowmotionracing.com\/en\/wp-json\/wp\/v2\/pages"}],"about":[{"href":"https:\/\/www.flowmotionracing.com\/en\/wp-json\/wp\/v2\/types\/page"}],"author":[{"embeddable":true,"href":"https:\/\/www.flowmotionracing.com\/en\/wp-json\/wp\/v2\/users\/1"}],"replies":[{"embeddable":true,"href":"https:\/\/www.flowmotionracing.com\/en\/wp-json\/wp\/v2\/comments?post=806"}],"version-history":[{"count":0,"href":"https:\/\/www.flowmotionracing.com\/en\/wp-json\/wp\/v2\/pages\/806\/revisions"}],"wp:featuredmedia":[{"embeddable":true,"href":"https:\/\/www.flowmotionracing.com\/en\/wp-json\/wp\/v2\/media\/809"}],"wp:attachment":[{"href":"https:\/\/www.flowmotionracing.com\/en\/wp-json\/wp\/v2\/media?parent=806"}],"curies":[{"name":"wp","href":"https:\/\/api.w.org\/{rel}","templated":true}]}}