{"id":1441,"date":"2022-05-07T17:28:02","date_gmt":"2022-05-07T15:28:02","guid":{"rendered":"https:\/\/www.flowmotionracing.com\/?page_id=1441"},"modified":"2022-05-07T19:23:59","modified_gmt":"2022-05-07T17:23:59","slug":"aviso-legal","status":"publish","type":"page","link":"https:\/\/www.flowmotionracing.com\/ca\/aviso-legal\/","title":{"rendered":"Av\u00eds legal"},"content":{"rendered":"<p><\/p>\n<h4>Informaci\u00f3 de Conformitat amb l&#8217;article 10 de la LSSI<\/h4>\n<h3>El titular d&#8217;aquesta web \u00e9s:<\/h3>\n<p>Identitat: <strong>David Morat\u00f3 Moreno<\/strong><br \/>\nNIF: <strong>40537562Q<\/strong><br \/>\nAdre\u00e7a:\u00a0<strong>Pol\u00edgon Industrial Bujonis. Carrer Bujonis, 15 | 17220 Sant Feliu de Gu\u00edxols. Girona.<br \/>\n<\/strong>Tel\u00e8fon: <strong>972 986 604<br \/>\n<\/strong>Correu electr\u00f2nic<strong>:<\/strong> <a href=\"mailto:info@flowmotionracing.com\"><strong>info@flowmotionracing.com<\/strong><\/a><\/p>\n<h3>Condicions d&#8217;\u00fas<\/h3>\n<p style=\"text-align: justify;\">L&#8217;\u00fas d&#8217;aquest web implica l&#8217;acceptaci\u00f3 plena dels termes i condicions del present av\u00eds legal. Els possibles conflictes relatius a aquest web es regiran exclusivament pel dret de l&#8217;Estat espanyol. Tota persona usu\u00e0ria del web, independentment de la jurisdicci\u00f3 territorial des de la qual es produeixi el seu acc\u00e9s, accepta el compliment i respecte d&#8217;aquestes cl\u00e0usules amb ren\u00fancia expressa a qualsevol altre fur que li pogu\u00e9s correspondre.<\/p>\n<h3>Propietat intel\u00b7lectual i industrial<\/h3>\n<p style=\"text-align: justify;\">La totalitat del contingut d&#8217;aquest lloc web, ja siguin textos, imatges, sons, marques, logotips o altres elements, aix\u00ed com subestructura, disseny, combinacions de colors o forma de presentaci\u00f3 dels materials, estan protegits per drets de propietat industrial i intel\u00b7lectual que l&#8217;usuari d&#8217;aquest lloc web ha de respectar. No \u00e9s l\u00edcita la seva transformaci\u00f3 o alteraci\u00f3, comunicaci\u00f3 p\u00fablica o qualsevol altra forma d&#8217;explotaci\u00f3 per qualsevol procediment sense l&#8217;autoritzaci\u00f3 expressa de <strong>David Morat\u00f3 Moreno<\/strong>.<\/p>\n<h3>Responsabilitat sobre els continguts<\/h3>\n<p style=\"text-align: justify;\">Encara que\u00a0<strong>David Morat\u00f3 Moreno<\/strong> actua amb la m\u00e0xima dilig\u00e8ncia possible, es pot donar el cas que alguna dada o informaci\u00f3 no estigui del tot actualitzada en el moment que l&#8217;usuari del lloc web el consulti. Per aix\u00f2, les informacions que es presenten en aquesta web tenen una funci\u00f3 orientativa i no obliguen a <strong>David Morat\u00f3 Moreno<\/strong>.<\/p>\n<p style=\"text-align: justify;\"><strong>David Morat\u00f3 Moreno<\/strong> no ser\u00e0 responsable de la informaci\u00f3 que es pugui obtenir a trav\u00e9s d&#8217;enlla\u00e7os inclosos en la seva web.<\/p>\n<p style=\"text-align: justify;\"><strong>David Morat\u00f3 Moreno<\/strong>\u00a0es reserva la facultat de realitzar, en qualsevol moment i sense necessitat de preav\u00eds, modificacions o actualitzacions de la informaci\u00f3 i de qualsevol dels elements que integrin el disseny i configuraci\u00f3 de la p\u00e0gina web.<\/p>\n<h3>Llei aplicable i jurisdicci\u00f3<\/h3>\n<p style=\"text-align: justify;\">L&#8217;\u00fas d&#8217;aquest lloc web implica l&#8217;acceptaci\u00f3 plena dels termes i condicions en el present av\u00eds legal. Els possibles conflictes relatius a aquest web es regiran exclusivament per la legislaci\u00f3 espanyola, sent competents els Jutjats i Tribunals espanyols per a con\u00e8ixer qualsevol q\u00fcesti\u00f3 que es susciti sobre ella. L&#8217;usuari, en virtut de la seva acceptaci\u00f3 ren\u00fancia expressament a qualsevol fur que per aplicaci\u00f3 de la Llei d&#8217;Enjudiciament Civil vigent li pogu\u00e9s correspondre.<\/p>\n<p><\/p>","protected":false},"excerpt":{"rendered":"<p>Informaci\u00f3 de Conformitat amb l&#8217;article 10 de la LSSI El titular d&#8217;aquesta web \u00e9s: Identitat: David Morat\u00f3 Moreno NIF: 40537562Q Adre\u00e7a:\u00a0Pol\u00edgon Industrial Bujonis. Carrer Bujonis, 15 | 17220 Sant Feliu de Gu\u00edxols. Girona. Tel\u00e8fon: 972 986 604 Correu electr\u00f2nic: info@flowmotionracing.com Condicions d&#8217;\u00fas L&#8217;\u00fas d&#8217;aquest web implica l&#8217;acceptaci\u00f3 plena dels termes i condicions del present av\u00eds<br \/><a class=\"moretag\" href=\"https:\/\/www.flowmotionracing.com\/ca\/aviso-legal\/\">+ Read More<\/a><\/p>\n","protected":false},"author":1,"featured_media":860,"parent":0,"menu_order":0,"comment_status":"closed","ping_status":"closed","template":"","meta":{"footnotes":""},"class_list":["post-1441","page","type-page","status-publish","has-post-thumbnail","hentry"],"yoast_head":"<!-- This site is optimized with the Yoast SEO plugin v27.5 - https:\/\/yoast.com\/product\/yoast-seo-wordpress\/ -->\n<title>Av\u00eds legal - Flow Motion Racing<\/title>\n<meta name=\"robots\" content=\"index, follow, max-snippet:-1, max-image-preview:large, max-video-preview:-1\" \/>\n<link rel=\"canonical\" href=\"https:\/\/www.flowmotionracing.com\/ca\/aviso-legal\/\" \/>\n<meta property=\"og:locale\" content=\"ca_ES\" \/>\n<meta property=\"og:type\" content=\"article\" \/>\n<meta property=\"og:title\" content=\"Av\u00eds legal - Flow Motion Racing\" \/>\n<meta property=\"og:description\" content=\"Informaci\u00f3 de Conformitat amb l&#8217;article 10 de la LSSI El titular d&#8217;aquesta web \u00e9s: Identitat: David Morat\u00f3 Moreno NIF: 40537562Q Adre\u00e7a:\u00a0Pol\u00edgon Industrial Bujonis. Carrer Bujonis, 15 | 17220 Sant Feliu de Gu\u00edxols. Girona. Tel\u00e8fon: 972 986 604 Correu electr\u00f2nic: info@flowmotionracing.com Condicions d&#8217;\u00fas L&#8217;\u00fas d&#8217;aquest web implica l&#8217;acceptaci\u00f3 plena dels termes i condicions del present av\u00eds+ Read More\" \/>\n<meta property=\"og:url\" content=\"https:\/\/www.flowmotionracing.com\/ca\/aviso-legal\/\" \/>\n<meta property=\"og:site_name\" content=\"Flow Motion Racing\" \/>\n<meta property=\"article:publisher\" content=\"https:\/\/www.facebook.com\/FlowMotionRacing\/\" \/>\n<meta property=\"article:modified_time\" content=\"2022-05-07T17:23:59+00:00\" \/>\n<meta property=\"og:image\" content=\"https:\/\/www.flowmotionracing.com\/wp-content\/uploads\/2017\/07\/Premsa-H.jpg\" \/>\n\t<meta property=\"og:image:width\" content=\"1600\" \/>\n\t<meta property=\"og:image:height\" content=\"400\" \/>\n\t<meta property=\"og:image:type\" content=\"image\/jpeg\" \/>\n<meta name=\"twitter:card\" content=\"summary_large_image\" \/>\n<meta name=\"twitter:label1\" content=\"Temps estimat de lectura\" \/>\n\t<meta name=\"twitter:data1\" content=\"6 minuts\" \/>\n<script type=\"application\/ld+json\" class=\"yoast-schema-graph\">{\"@context\":\"https:\\\/\\\/schema.org\",\"@graph\":[{\"@type\":\"WebPage\",\"@id\":\"https:\\\/\\\/www.flowmotionracing.com\\\/ca\\\/aviso-legal\\\/\",\"url\":\"https:\\\/\\\/www.flowmotionracing.com\\\/ca\\\/aviso-legal\\\/\",\"name\":\"Av\u00eds legal - Flow Motion Racing\",\"isPartOf\":{\"@id\":\"https:\\\/\\\/www.flowmotionracing.com\\\/ca\\\/#website\"},\"primaryImageOfPage\":{\"@id\":\"https:\\\/\\\/www.flowmotionracing.com\\\/ca\\\/aviso-legal\\\/#primaryimage\"},\"image\":{\"@id\":\"https:\\\/\\\/www.flowmotionracing.com\\\/aviso-legal\\\/#primaryimage\"},\"thumbnailUrl\":\"https:\\\/\\\/www.flowmotionracing.com\\\/wp-content\\\/uploads\\\/2017\\\/07\\\/Premsa-H.jpg\",\"datePublished\":\"2022-05-07T15:28:02+00:00\",\"dateModified\":\"2022-05-07T17:23:59+00:00\",\"breadcrumb\":{\"@id\":\"https:\\\/\\\/www.flowmotionracing.com\\\/ca\\\/aviso-legal\\\/#breadcrumb\"},\"inLanguage\":\"ca\",\"potentialAction\":[{\"@type\":\"ReadAction\",\"target\":[[\"https:\\\/\\\/www.flowmotionracing.com\\\/ca\\\/aviso-legal\\\/\"]]}]},{\"@type\":\"ImageObject\",\"inLanguage\":\"ca\",\"@id\":\"https:\\\/\\\/www.flowmotionracing.com\\\/ca\\\/aviso-legal\\\/#primaryimage\",\"url\":\"https:\\\/\\\/www.flowmotionracing.com\\\/wp-content\\\/uploads\\\/2017\\\/07\\\/Premsa-H.jpg\",\"contentUrl\":\"https:\\\/\\\/www.flowmotionracing.com\\\/wp-content\\\/uploads\\\/2017\\\/07\\\/Premsa-H.jpg\",\"width\":1600,\"height\":400},{\"@type\":\"BreadcrumbList\",\"@id\":\"https:\\\/\\\/www.flowmotionracing.com\\\/ca\\\/aviso-legal\\\/#breadcrumb\",\"itemListElement\":[{\"@type\":\"ListItem\",\"position\":1,\"name\":\"Portada\",\"item\":\"https:\\\/\\\/www.flowmotionracing.com\\\/ca\\\/\"},{\"@type\":\"ListItem\",\"position\":2,\"name\":\"Aviso legal\"}]},{\"@type\":\"WebSite\",\"@id\":\"https:\\\/\\\/www.flowmotionracing.com\\\/ca\\\/#website\",\"url\":\"https:\\\/\\\/www.flowmotionracing.com\\\/ca\\\/\",\"name\":\"Flow Motion Racing\",\"description\":\"Sant Feliu de Gu\u00edxols\",\"publisher\":{\"@id\":\"https:\\\/\\\/www.flowmotionracing.com\\\/ca\\\/#organization\"},\"potentialAction\":[{\"@type\":\"SearchAction\",\"target\":{\"@type\":\"EntryPoint\",\"urlTemplate\":\"https:\\\/\\\/www.flowmotionracing.com\\\/ca\\\/?s={search_term_string}\"},\"query-input\":{\"@type\":\"PropertyValueSpecification\",\"valueRequired\":true,\"valueName\":\"search_term_string\"}}],\"inLanguage\":\"ca\"},{\"@type\":\"Organization\",\"@id\":\"https:\\\/\\\/www.flowmotionracing.com\\\/ca\\\/#organization\",\"name\":\"Flow Motion Racing\",\"url\":\"https:\\\/\\\/www.flowmotionracing.com\\\/ca\\\/\",\"logo\":{\"@type\":\"ImageObject\",\"inLanguage\":\"ca\",\"@id\":\"https:\\\/\\\/www.flowmotionracing.com\\\/ca\\\/#\\\/schema\\\/logo\\\/image\\\/\",\"url\":\"https:\\\/\\\/www.flowmotionracing.com\\\/wp-content\\\/uploads\\\/2017\\\/11\\\/logo_fons_negre_p.jpg\",\"contentUrl\":\"https:\\\/\\\/www.flowmotionracing.com\\\/wp-content\\\/uploads\\\/2017\\\/11\\\/logo_fons_negre_p.jpg\",\"width\":300,\"height\":80,\"caption\":\"Flow Motion Racing\"},\"image\":{\"@id\":\"https:\\\/\\\/www.flowmotionracing.com\\\/ca\\\/#\\\/schema\\\/logo\\\/image\\\/\"},\"sameAs\":[\"https:\\\/\\\/www.facebook.com\\\/FlowMotionRacing\\\/\"]}]}<\/script>\n<!-- \/ Yoast SEO plugin. -->","yoast_head_json":{"title":"Av\u00eds legal - Flow Motion Racing","robots":{"index":"index","follow":"follow","max-snippet":"max-snippet:-1","max-image-preview":"max-image-preview:large","max-video-preview":"max-video-preview:-1"},"canonical":"https:\/\/www.flowmotionracing.com\/ca\/aviso-legal\/","og_locale":"ca_ES","og_type":"article","og_title":"Av\u00eds legal - Flow Motion Racing","og_description":"Informaci\u00f3 de Conformitat amb l&#8217;article 10 de la LSSI El titular d&#8217;aquesta web \u00e9s: Identitat: David Morat\u00f3 Moreno NIF: 40537562Q Adre\u00e7a:\u00a0Pol\u00edgon Industrial Bujonis. Carrer Bujonis, 15 | 17220 Sant Feliu de Gu\u00edxols. Girona. Tel\u00e8fon: 972 986 604 Correu electr\u00f2nic: info@flowmotionracing.com Condicions d&#8217;\u00fas L&#8217;\u00fas d&#8217;aquest web implica l&#8217;acceptaci\u00f3 plena dels termes i condicions del present av\u00eds+ Read More","og_url":"https:\/\/www.flowmotionracing.com\/ca\/aviso-legal\/","og_site_name":"Flow Motion Racing","article_publisher":"https:\/\/www.facebook.com\/FlowMotionRacing\/","article_modified_time":"2022-05-07T17:23:59+00:00","og_image":[{"width":1600,"height":400,"url":"https:\/\/www.flowmotionracing.com\/wp-content\/uploads\/2017\/07\/Premsa-H.jpg","type":"image\/jpeg"}],"twitter_card":"summary_large_image","twitter_misc":{"Temps estimat de lectura":"6 minuts"},"schema":{"@context":"https:\/\/schema.org","@graph":[{"@type":"WebPage","@id":"https:\/\/www.flowmotionracing.com\/ca\/aviso-legal\/","url":"https:\/\/www.flowmotionracing.com\/ca\/aviso-legal\/","name":"Av\u00eds legal - Flow Motion Racing","isPartOf":{"@id":"https:\/\/www.flowmotionracing.com\/ca\/#website"},"primaryImageOfPage":{"@id":"https:\/\/www.flowmotionracing.com\/ca\/aviso-legal\/#primaryimage"},"image":{"@id":"https:\/\/www.flowmotionracing.com\/aviso-legal\/#primaryimage"},"thumbnailUrl":"https:\/\/www.flowmotionracing.com\/wp-content\/uploads\/2017\/07\/Premsa-H.jpg","datePublished":"2022-05-07T15:28:02+00:00","dateModified":"2022-05-07T17:23:59+00:00","breadcrumb":{"@id":"https:\/\/www.flowmotionracing.com\/ca\/aviso-legal\/#breadcrumb"},"inLanguage":"ca","potentialAction":[{"@type":"ReadAction","target":[["https:\/\/www.flowmotionracing.com\/ca\/aviso-legal\/"]]}]},{"@type":"ImageObject","inLanguage":"ca","@id":"https:\/\/www.flowmotionracing.com\/ca\/aviso-legal\/#primaryimage","url":"https:\/\/www.flowmotionracing.com\/wp-content\/uploads\/2017\/07\/Premsa-H.jpg","contentUrl":"https:\/\/www.flowmotionracing.com\/wp-content\/uploads\/2017\/07\/Premsa-H.jpg","width":1600,"height":400},{"@type":"BreadcrumbList","@id":"https:\/\/www.flowmotionracing.com\/ca\/aviso-legal\/#breadcrumb","itemListElement":[{"@type":"ListItem","position":1,"name":"Portada","item":"https:\/\/www.flowmotionracing.com\/ca\/"},{"@type":"ListItem","position":2,"name":"Aviso legal"}]},{"@type":"WebSite","@id":"https:\/\/www.flowmotionracing.com\/ca\/#website","url":"https:\/\/www.flowmotionracing.com\/ca\/","name":"Flow Motion Racing","description":"Sant Feliu de Gu\u00edxols","publisher":{"@id":"https:\/\/www.flowmotionracing.com\/ca\/#organization"},"potentialAction":[{"@type":"SearchAction","target":{"@type":"EntryPoint","urlTemplate":"https:\/\/www.flowmotionracing.com\/ca\/?s={search_term_string}"},"query-input":{"@type":"PropertyValueSpecification","valueRequired":true,"valueName":"search_term_string"}}],"inLanguage":"ca"},{"@type":"Organization","@id":"https:\/\/www.flowmotionracing.com\/ca\/#organization","name":"Flow Motion Racing","url":"https:\/\/www.flowmotionracing.com\/ca\/","logo":{"@type":"ImageObject","inLanguage":"ca","@id":"https:\/\/www.flowmotionracing.com\/ca\/#\/schema\/logo\/image\/","url":"https:\/\/www.flowmotionracing.com\/wp-content\/uploads\/2017\/11\/logo_fons_negre_p.jpg","contentUrl":"https:\/\/www.flowmotionracing.com\/wp-content\/uploads\/2017\/11\/logo_fons_negre_p.jpg","width":300,"height":80,"caption":"Flow Motion Racing"},"image":{"@id":"https:\/\/www.flowmotionracing.com\/ca\/#\/schema\/logo\/image\/"},"sameAs":["https:\/\/www.facebook.com\/FlowMotionRacing\/"]}]}},"_links":{"self":[{"href":"https:\/\/www.flowmotionracing.com\/ca\/wp-json\/wp\/v2\/pages\/1441","targetHints":{"allow":["GET"]}}],"collection":[{"href":"https:\/\/www.flowmotionracing.com\/ca\/wp-json\/wp\/v2\/pages"}],"about":[{"href":"https:\/\/www.flowmotionracing.com\/ca\/wp-json\/wp\/v2\/types\/page"}],"author":[{"embeddable":true,"href":"https:\/\/www.flowmotionracing.com\/ca\/wp-json\/wp\/v2\/users\/1"}],"replies":[{"embeddable":true,"href":"https:\/\/www.flowmotionracing.com\/ca\/wp-json\/wp\/v2\/comments?post=1441"}],"version-history":[{"count":0,"href":"https:\/\/www.flowmotionracing.com\/ca\/wp-json\/wp\/v2\/pages\/1441\/revisions"}],"wp:featuredmedia":[{"embeddable":true,"href":"https:\/\/www.flowmotionracing.com\/ca\/wp-json\/wp\/v2\/media\/860"}],"wp:attachment":[{"href":"https:\/\/www.flowmotionracing.com\/ca\/wp-json\/wp\/v2\/media?parent=1441"}],"curies":[{"name":"wp","href":"https:\/\/api.w.org\/{rel}","templated":true}]}}